{"id":977,"date":"2018-12-11T08:10:00","date_gmt":"2018-12-11T14:10:00","guid":{"rendered":"http:\/\/hergom.com.mx\/chimeneas-hergom\/\/?page_id=977"},"modified":"2018-12-12T00:00:00","modified_gmt":"2018-12-12T06:00:00","slug":"politica-de-cookies","status":"publish","type":"page","link":"https:\/\/hergom.com.mx\/chimeneas-hergom\/politica-de-cookies\/","title":{"rendered":"Pol\u00edtica de cookies"},"content":{"rendered":"<h2 class=\"t-color\">HERG\u00d3M: POL\u00cdTICA DE COOKIES<\/h2>\n<p>Queremos asegurarnos de que disfrute navegando por nuestro sitio web y tenga una experiencia grata. En este sentido, le informamos de que este sitio web deja \u00abcookies\u00bb en su ordenador para recabar informaci\u00f3n sobre el uso que hace de \u00e9l.<\/p>\n<h3 class=\"t-color\">\u00bfQU\u00c9 SON LAS COOKIES?<\/h3>\n<ul class=\"list\">\n<li>Las cookies son archivos de texto con peque\u00f1as cantidades de informaci\u00f3n que se descargan en su dispositivo al visitar un sitio web. Despu\u00e9s, en cada visita posterior, se env\u00edan de vuelta al sitio web donde se originaron o a otro sitio web que las reconozca.<\/li>\n<li>Las cookies permiten a nuestros sistemas reconocer el dispositivo del usuario y activar inmediatamente cualquier configuraci\u00f3n previa.<\/li>\n<li>Tan pronto como un usuario accede a la plataforma, se env\u00eda una cookie al disco duro de su ordenador.<\/li>\n<\/ul>\n<h3 class=\"t-color\">\u00bfPOR QU\u00c9 SON \u00daTILES LAS COOKIES?<\/h3>\n<ul class=\"list\">\n<li>Las cookies son \u00fatiles por los siguientes motivos:\n<ul class=\"list\">\n<li>Permiten al sitio web reconocer el dispositivo del usuario y mostrar contenido adaptado a los intereses de este.<\/li>\n<li>Nos ayudan a mejorar nuestro sitio web para ofrecerle un mejor servicio acorde a sus requisitos.<\/li>\n<li>Nos permiten reconocer su dispositivo cuando accede a nuestro sitio web de nuevo.<\/li>\n<li>Guardan informaci\u00f3n sobre sus actividades favoritas en el sitio web para poder adaptar este a sus intereses particulares. Por ejemplo, si est\u00e1 permitido, podremos mostrarle anuncios adaptados a sus intereses personales y contestar a sus consultas m\u00e1s r\u00e1pidamente.<\/li>\n<\/ul>\n<\/li>\n<li>Al utilizar nuestro sitio web acepta que podamos poner en su dispositivo los tipos de cookies indicados a continuaci\u00f3n, a menos que haya configurado su navegador para que los rechace, y utilizar esos datos conforme a esta pol\u00edtica.<\/li>\n<li>Puede obtener m\u00e1s informaci\u00f3n sobre las cookies en: <a title=\"Este enlace se abrir\u00e1 en una ventana nueva: www.allaboutcookies.org\" href=\"https:\/\/www.allaboutcookies.org\/\">www.allaboutcookies.org<\/a> y <a title=\"Este enlace se abrir\u00e1 en una ventana nueva: www.youronlinechoices.eu\" href=\"https:\/\/www.youronlinechoices.eu\/\">www.youronlinechoices.eu<\/a>. Si quiere ver un v\u00eddeo sobre las cookies, visite <a title=\"Este enlace se abrir\u00e1 en una ventana nueva: www.google.co.uk\/goodtoknow\/data-on-the-web\/cookies\/\" href=\"https:\/\/www.google.co.uk\/goodtoknow\/data-on-the-web\/cookies\/\">www.google.co.uk\/goodtoknow\/data-on-the-web\/cookies\/<\/a><\/li>\n<\/ul>\n<h3 class=\"t-color\">TIPOS DE COOKIES<\/h3>\n<p>A grandes rasgos, existen dos tipos de cookies: las cookies de origen y las de terceros.<\/p>\n<ul class=\"list\">\n<li>Las cookies de origen son aquellas que el operador del sitio web sirve directamente en su ordenador; suelen utilizarse para reconocer su ordenador cuando accede de nuevo al sitio y para recordar sus preferencias durante la navegaci\u00f3n.<\/li>\n<li>Las cookies de terceros las sirve un proveedor de servicios en nombre del operador del sitio web; el proveedor de servicios puede utilizarlas para reconocer su ordenador cuando visite otros sitios web. Las cookies de terceros suelen utilizarse para el an\u00e1lisis de los sitios web o para fines publicitarios.<\/li>\n<\/ul>\n<h3 class=\"t-color\">USO DE LAS COOKIES<\/h3>\n<ul class=\"list\">\n<li>En esta tabla se explica qu\u00e9 cookies utilizamos y por qu\u00e9.<br \/>\n<table class=\"table\" style=\"margin:15px 0px\">\n<thead>\n<tr>\n<th>Nombre<\/th>\n<th>Finalidad<\/th>\n<th>Caducidad<\/th>\n<\/tr>\n<\/thead>\n<tbody>\n<tr>\n<td>&#8220;gat._anonymizeIp();&#8221;<\/td>\n<td>La utiliza [Google Analytics] para garantizar que las direcciones IP se registren de manera an\u00f3nima (enmascaramiento IP)<\/td>\n<td>Variable<\/td>\n<\/tr>\n<\/tbody>\n<\/table>\n<\/li>\n<li>INDUSTRIAS HERG\u00d3M no tiene potestad sobre la publicaci\u00f3n de cookies de terceros. Visite el sitio web de los terceros responsables de estas cookies si quiere obtener m\u00e1s informaci\u00f3n sobre ellas. 4<\/li>\n<li>Si no quiere utilizar cookies, puede configurar su navegador para que no acepte el almacenamiento de cookies.<\/li>\n<li>i solo quiere aceptar nuestras cookies, pero no las de nuestros proveedores de servicios y socios, seleccione la opci\u00f3n \u00abBloquear cookies de terceros\u00bb (o similar) de su navegador.<\/li>\n<\/ul>\n<h3 class=\"t-color\">USO DE GOOGLE ANALYTICS<\/h3>\n<ul class=\"list\">\n<li>Este sitio web utiliza Google Analytics, un servicio de an\u00e1lisis de Google Inc., 1600 Amphitheatre Parkway, Mountain View, CA 94043, EE. UU. (\u00abGoogle\u00bb).<\/li>\n<li>Google Analytics tambi\u00e9n utiliza \u00abcookies\u00bb, es decir, archivos de texto que se guardan en su dispositivo, para ayudarle a analizar su uso del sitio web.<\/li>\n<li>La informaci\u00f3n generada por las cookies acerca de su uso de este sitio web normalmente se transmite a un servidor de Google situado en Estados Unidos, donde se guarda.<\/li>\n<li>Sin embargo, si se activa la anonimizaci\u00f3n IP en este sitio web, Google en un principio truncar\u00e1 su direcci\u00f3n IP en los estados miembros de la Uni\u00f3n Europea o del Espacio Econ\u00f3mico Europeo. La direcci\u00f3n IP completa solo se transmitir\u00e1 a un servidor de Google en Estados Unidos para truncarla all\u00ed en casos excepcionales.<\/li>\n<li>Google utilizar\u00e1 en nuestro nombre esta informaci\u00f3n para evaluar su uso del sitio web, elaborar informes sobre las actividades del sitio web y ofrecernos servicios adicionales relacionados con el uso del sitio web y de internet. La direcci\u00f3n IP transferida desde su navegador por Google Analytics no se vincular\u00e1 con ning\u00fan otro dato en poder de Google.<\/li>\n<li>Puede evitar el almacenamiento de cookies configurando correspondientemente el software de navegaci\u00f3n; sin embargo, tenga en cuenta que en este caso quiz\u00e1 no pueda utilizar plenamente todas las funciones que ofrece este sitio web. Puede evitar que Google recopile y procese datos generados por las cookies y relacionados con su uso del sitio web (incluida su direcci\u00f3n IP); para ello descargue un complemento de navegador en el enlace siguiente e inst\u00e1lelo: http:\/\/tools.google.com\/dlpage\/gaoptout.<\/li>\n<\/ul>\n","protected":false},"excerpt":{"rendered":"<p>HERG\u00d3M: POL\u00cdTICA DE COOKIES Queremos asegurarnos de que disfrute navegando por nuestro sitio web y tenga una experiencia grata. En este sentido, le informamos de que este sitio web deja \u00abcookies\u00bb en su ordenador para recabar informaci\u00f3n sobre el uso que hace de \u00e9l. \u00bfQU\u00c9 SON LAS COOKIES? Las cookies son archivos de texto con [&hellip;]<\/p>\n","protected":false},"author":1,"featured_media":0,"parent":0,"menu_order":0,"comment_status":"closed","ping_status":"closed","template":"","meta":{"_acf_changed":false,"footnotes":""},"class_list":["post-977","page","type-page","status-publish","hentry"],"acf":[],"_links":{"self":[{"href":"https:\/\/hergom.com.mx\/chimeneas-hergom\/wp-json\/wp\/v2\/pages\/977","targetHints":{"allow":["GET"]}}],"collection":[{"href":"https:\/\/hergom.com.mx\/chimeneas-hergom\/wp-json\/wp\/v2\/pages"}],"about":[{"href":"https:\/\/hergom.com.mx\/chimeneas-hergom\/wp-json\/wp\/v2\/types\/page"}],"author":[{"embeddable":true,"href":"https:\/\/hergom.com.mx\/chimeneas-hergom\/wp-json\/wp\/v2\/users\/1"}],"replies":[{"embeddable":true,"href":"https:\/\/hergom.com.mx\/chimeneas-hergom\/wp-json\/wp\/v2\/comments?post=977"}],"version-history":[{"count":10,"href":"https:\/\/hergom.com.mx\/chimeneas-hergom\/wp-json\/wp\/v2\/pages\/977\/revisions"}],"predecessor-version":[{"id":995,"href":"https:\/\/hergom.com.mx\/chimeneas-hergom\/wp-json\/wp\/v2\/pages\/977\/revisions\/995"}],"wp:attachment":[{"href":"https:\/\/hergom.com.mx\/chimeneas-hergom\/wp-json\/wp\/v2\/media?parent=977"}],"curies":[{"name":"wp","href":"https:\/\/api.w.org\/{rel}","templated":true}]}}