{"id":944,"date":"2018-12-11T07:36:33","date_gmt":"2018-12-11T13:36:33","guid":{"rendered":"http:\/\/hergom.com.mx\/chimeneas-hergom\/\/?page_id=944"},"modified":"2025-10-28T21:02:34","modified_gmt":"2025-10-29T03:02:34","slug":"contacto","status":"publish","type":"page","link":"https:\/\/hergom.com.mx\/chimeneas-hergom\/contacto\/","title":{"rendered":"Contacto"},"content":{"rendered":"\n<div class=\"row\">\n<div class=\"col-sm-6\">\n<h4>\u00bfTienes dudas?<\/h4>\n<p>Hergom es la opci\u00f3n que est\u00e1s buscando! Nuestros conceptos est\u00e1n desarrollados por profesionales y expertos en el \u00e1rea.<\/p>\n<div style=\"margin-top: 25px;\">\n\n<!-- SalesUp! Form Snippet -->\n\t<script>\n\t\t(function () { var _sp = window._sp || (window._sp = []); if (!_sp.loaded) { var sps = document.createElement('script'); sps.async = true; sps.src = 'https:\/\/assets.upnify.com\/scripts\/forms\/js\/spf.js'; var s = document.getElementsByTagName('script')[0]; s.parentNode.insertBefore(sps, s); _sp.loaded = true; } })(); window._sp = window._sp || [] ; _sp.addForm = function(config){window._sp.push(config)};\n\t\t_sp.addForm({ 'formId': 'eyJlIjoiNDAzNjgiLCJ0IjoiUDA3RDNDQ0M2NjYtNkQ0Ny00N0M0LThCMTAtRjg5RjAzNTU0MDNBIn0' }); \n\t<\/script>\n\t<div id=\"salesUpForm-1\"><\/div>\n<!-- SalesUp! Form Snippet -->\n\n<\/div>\n<\/div>\n<div class=\"col-sm-5\">\n<br\/>\n<strong>Herg\u00f3m M\u00e9xico<\/strong>\n<div style=\"margin-left:0px\">R\u00edo P\u00e1nuco 76 Local 1 <br\/>Col. Cuauht\u00e9moc,<br\/>C.P. 06500,  CD de M\u00e9xico.<br\/>\n<p> <\/p>\n\t<p><strong>Tel\u00e9fono: 52 (55) 5533-2437<\/strong><\/p>\n\t<p><strong>Lada sin Costo: 01 800 0625 300<\/strong><\/p>\n\t<p><strong>Email.: <a href=\"mailto:central@hergom.com.mx\" style=\"color:#666666\">central@hergom.com.mx<\/a><\/strong><\/p>\n\t<br\/>\n<div class=\"embed-responsive embed-responsive-16by9\" style=\"margin-top: 40px;\"><iframe class=\"embed-responsive-item\" src=\"http:\/\/maps.google.es\/maps?q=Hergom,+R%C3%ADo+P%C3%A1nuco,+Cuauht%C3%A9moc,+Mexico+City,+Mexico&amp;hl=es&amp;sll=19.421756,-99.151652&amp;sspn=0.164898,0.340474&amp;ie=UTF8&amp;view=map&amp;cid=8261925979047487151&amp;hq=Hergom,+R%C3%ADo+P%C3%A1nuco,+Cuauht%C3%A9moc,+Mexico+City,+Mexico&amp;hnear=&amp;iwloc=A&amp;ll=19.43129,-99.165992&amp;spn=0.006295,0.006295&amp;output=embed\" allowfullscreen=\"allowfullscreen\"><\/iframe><\/div>\n<\/div>\n<\/div>\n","protected":false},"excerpt":{"rendered":"<p>\u00bfTienes dudas? Hergom es la opci\u00f3n que est\u00e1s buscando! Nuestros conceptos est\u00e1n desarrollados por profesionales y expertos en el \u00e1rea. Herg\u00f3m M\u00e9xico R\u00edo P\u00e1nuco 76 Local 1 Col. Cuauht\u00e9moc,C.P. 06500, CD de M\u00e9xico. Tel\u00e9fono: 52 (55) 5533-2437 Lada sin Costo: 01 800 0625 300 Email.: central@hergom.com.mx<\/p>\n","protected":false},"author":1,"featured_media":0,"parent":0,"menu_order":0,"comment_status":"closed","ping_status":"closed","template":"","meta":{"_acf_changed":false,"footnotes":""},"class_list":["post-944","page","type-page","status-publish","hentry"],"acf":[],"_links":{"self":[{"href":"https:\/\/hergom.com.mx\/chimeneas-hergom\/wp-json\/wp\/v2\/pages\/944","targetHints":{"allow":["GET"]}}],"collection":[{"href":"https:\/\/hergom.com.mx\/chimeneas-hergom\/wp-json\/wp\/v2\/pages"}],"about":[{"href":"https:\/\/hergom.com.mx\/chimeneas-hergom\/wp-json\/wp\/v2\/types\/page"}],"author":[{"embeddable":true,"href":"https:\/\/hergom.com.mx\/chimeneas-hergom\/wp-json\/wp\/v2\/users\/1"}],"replies":[{"embeddable":true,"href":"https:\/\/hergom.com.mx\/chimeneas-hergom\/wp-json\/wp\/v2\/comments?post=944"}],"version-history":[{"count":50,"href":"https:\/\/hergom.com.mx\/chimeneas-hergom\/wp-json\/wp\/v2\/pages\/944\/revisions"}],"predecessor-version":[{"id":2667,"href":"https:\/\/hergom.com.mx\/chimeneas-hergom\/wp-json\/wp\/v2\/pages\/944\/revisions\/2667"}],"wp:attachment":[{"href":"https:\/\/hergom.com.mx\/chimeneas-hergom\/wp-json\/wp\/v2\/media?parent=944"}],"curies":[{"name":"wp","href":"https:\/\/api.w.org\/{rel}","templated":true}]}}