{"id":80,"date":"2018-12-03T19:51:36","date_gmt":"2018-12-04T01:51:36","guid":{"rendered":"http:\/\/hergom.com.mx\/chimeneas-hergom\/\/?page_id=80"},"modified":"2018-12-11T07:26:26","modified_gmt":"2018-12-11T13:26:26","slug":"empresa","status":"publish","type":"page","link":"https:\/\/hergom.com.mx\/chimeneas-hergom\/empresa\/","title":{"rendered":"Empresa"},"content":{"rendered":"<div class=\"row\">\n<div class=\"col-sm-7\">\n\tHerg\u00f3m Mexico ha acumulado \u00e9xitos y experiencia en el dise\u00f1o de espacios e instalaci\u00f3n de sistemas de <strong>Calefacci\u00f3n Hidr\u00f3nica, Radiadores , calderas murales, Chimeneas, Chimeneas de le\u00f1a, Chimeneas de gas<\/strong>, Hogares, Inserts, cocinas y estufas met\u00e1licas y de hierro fundido, y lenos de gas.<br \/>\n\tEsta especialidad, nos ha permitido convertirnos en una empresa l\u00edder en nuestro sector, por la calidad de nuestras chimeneas que gozan de las m\u00e1ximas garant\u00edas en el mundo, respecto a su seguridad y rendimiento.<\/p>\n<p>\t<strong>COMPROMISO CON LA CALIDAD<\/strong><\/p>\n<p>\tHerg\u00f3m M\u00e9xico es considerada una de las empresas a nivel nacional que realiza y garantiza todo el proceso desde la adquisici\u00f3n hasta la instalaci\u00f3n y su mantenimiento.<br \/>\n\tLas materias primas de sus productos y componentes garantizan las prestaciones, durabilidad y fiabilidad \u00f3ptimas y cumplen los standards UNE-EN-13299 que garantizan su funcionamiento, seguridad y valores t\u00e9rmicos.<\/p>\n<p>\t<strong>COMPROMISO CON EL MEDIO AMBIENTE<br \/>\n\t<\/strong><\/p>\n<p class=\"Ningnestilodeprrafo\">Herg\u00f3m M\u00e9xico, cuenta con mas de una d\u00e9cada de experiencia en la instalaci\u00f3n de productos para <strong>calefacci\u00f3n con le\u00f1a y gas<\/strong>, y apuesta por los combustibles naturales.<br \/>\n\tHerg\u00f3m Espa\u00f1a como fabricante de nuestra gama mas amplia de <strong>chimeneas, estufas , hogares y cocinas de le\u00f1a<\/strong> ha desarrollado los intercambiadores de calor de fundici\u00f3n m\u00e1s eficaz del mercado, el procedimiento de doble combusti\u00f3n que comprime al m\u00ednimo las exposiciones de trizas s\u00f3lidas a la atm\u00f3sfera o estufas de calefacci\u00f3n de le\u00f1a que se hallan entre aquellas con la incineraci\u00f3n m\u00e1s limpia del mundo.<br \/>\n\tAdem\u00e1s, en su proceso de fabricaci\u00f3n realizan grandes inversiones dirigidas a respetar todos los requisitos de la Autorizaci\u00f3n Ambiental Integrada Europea, con el fin de minimizar el impacto en el medio ambiente.<\/p>\n<p class=\"Ningnestilodeprrafo\"><strong>DISE\u00d1OS CON PERSONALIDAD<\/strong><\/p>\n<p class=\"Ningnestilodeprrafo\">Los productos de Herg\u00f3m M\u00e9xico, adem\u00e1s de ser altamente eficaces, tambi\u00e9n son, est\u00e9ticamente, los m\u00e1s refinados del sector. Dise\u00f1os distinguidos y perdurables, que dignifican con su calidad la decoraci\u00f3n de cada sala Herg\u00f3m.<\/p>\n<\/p><\/div>\n<div class=\"col-sm-5 text-center\">\n<img decoding=\"async\" src=\"http:\/\/hergom.com.mx\/chimeneas-hergom\/\/wp-content\/uploads\/2018\/12\/empresa-hergom.jpg\" alt=\"\" class=\"img-fluid\" \/>\n\t<\/div>\n<\/div>\n","protected":false},"excerpt":{"rendered":"<p>Herg\u00f3m Mexico ha acumulado \u00e9xitos y experiencia en el dise\u00f1o de espacios e instalaci\u00f3n de sistemas de Calefacci\u00f3n Hidr\u00f3nica, Radiadores , calderas murales, Chimeneas, Chimeneas de le\u00f1a, Chimeneas de gas, Hogares, Inserts, cocinas y estufas met\u00e1licas y de hierro fundido, y lenos de gas. Esta especialidad, nos ha permitido convertirnos en una empresa l\u00edder en [&hellip;]<\/p>\n","protected":false},"author":1,"featured_media":0,"parent":0,"menu_order":0,"comment_status":"closed","ping_status":"closed","template":"","meta":{"_acf_changed":false,"footnotes":""},"class_list":["post-80","page","type-page","status-publish","hentry"],"acf":[],"_links":{"self":[{"href":"https:\/\/hergom.com.mx\/chimeneas-hergom\/wp-json\/wp\/v2\/pages\/80","targetHints":{"allow":["GET"]}}],"collection":[{"href":"https:\/\/hergom.com.mx\/chimeneas-hergom\/wp-json\/wp\/v2\/pages"}],"about":[{"href":"https:\/\/hergom.com.mx\/chimeneas-hergom\/wp-json\/wp\/v2\/types\/page"}],"author":[{"embeddable":true,"href":"https:\/\/hergom.com.mx\/chimeneas-hergom\/wp-json\/wp\/v2\/users\/1"}],"replies":[{"embeddable":true,"href":"https:\/\/hergom.com.mx\/chimeneas-hergom\/wp-json\/wp\/v2\/comments?post=80"}],"version-history":[{"count":5,"href":"https:\/\/hergom.com.mx\/chimeneas-hergom\/wp-json\/wp\/v2\/pages\/80\/revisions"}],"predecessor-version":[{"id":1439,"href":"https:\/\/hergom.com.mx\/chimeneas-hergom\/wp-json\/wp\/v2\/pages\/80\/revisions\/1439"}],"wp:attachment":[{"href":"https:\/\/hergom.com.mx\/chimeneas-hergom\/wp-json\/wp\/v2\/media?parent=80"}],"curies":[{"name":"wp","href":"https:\/\/api.w.org\/{rel}","templated":true}]}}