{"id":2,"date":"2018-11-20T22:47:21","date_gmt":"2018-11-21T04:47:21","guid":{"rendered":"http:\/\/hergom.com.mx\/chimeneas-hergom\/\/?page_id=2"},"modified":"2020-06-17T09:37:01","modified_gmt":"2020-06-17T15:37:01","slug":"asistencia-tecnica","status":"publish","type":"page","link":"https:\/\/hergom.com.mx\/chimeneas-hergom\/asistencia-tecnica\/","title":{"rendered":"Asistencia Tecnica"},"content":{"rendered":"<ul class=\"list-tab\">\n<li><strong>Herg\u00f3m M\u00e9xico<\/strong>\n<div>R\u00edo P\u00e1nuco 76, Local 1<br \/>\nCol. Cuauht\u00e9moc<br \/>\nC.P. 06500 M\u00e9xico, D.F.<br \/>\nTel\u00e9fono: 52 (55) 5533-2437<\/div>\n<p>&#8211;<\/li>\n<li>&#8211;<\/li>\n<li><\/li>\n<li><\/li>\n<li><strong>Lada sin Costo: 01 800 0625 300<\/strong><br \/>\nEmail.: <strong>central@hergom.com.mx<\/strong><\/li>\n<\/ul>\n<p><img loading=\"lazy\" decoding=\"async\" class=\"img-fluid\" src=\"http:\/\/hergom.com.mx\/chimeneas-hergom\/\/wp-content\/uploads\/2018\/12\/logo-green-energy.png\" alt=\"\" width=\"127\" height=\"127\" \/><\/p>\n<p>En Hergom Mexico nos preocupamos de que sus espacios habitacionales sean ambientes gratos, donde calidez y armon\u00eda se integren a un estilo \u00fanico. Dar calor al hogar a trav\u00e9s de <strong>chimeneas a le\u00f1a, chimeneas a gas y chimeneas ecol\u00f3gicas<\/strong>, es un prop\u00f3sito que nos motiva a generar tecnolog\u00edas de combusti\u00f3n cada vez m\u00e1s sofisticadas. Pero lo que lleva a nuestros clientes a preferirnos es que adem\u00e1s de vender e instalar <strong>chimeneas a le\u00f1a<\/strong>, gas o las avanzadas <strong>chimeneas ecol\u00f3gicas<\/strong>, tambi\u00e9n las dise\u00f1amos.<\/p>\n<p>Ofrecemos modelos de <strong>chimeneas a gas<\/strong> propios en cuanto a dise\u00f1o y caracter\u00edsticas. Tambi\u00e9n <strong>chimeneas a le\u00f1a<\/strong>, desde las m\u00e1s cl\u00e1sicas hasta muy modernas construcciones. Y aquellas cuyo consumo es biomasa, asociadas a <strong>chimeneas ecol\u00f3gicas<\/strong>. Esta \u00faltima, como muestra de la preocupaci\u00f3n por el medio ambiente, pero tambi\u00e9n pensada en aquellos que prefieren productos que ayudan a la naturaleza.<\/p>\n<p>Confortabilidad y alto rendimiento es lo que se asocia a nuestras <strong>chimeneas a le\u00f1a<\/strong>. En sus diversos modelos es posible encontrar propiedades que se ajustan a sus requerimientos, tanto a nivel de combusti\u00f3n avanzada como en su dise\u00f1o. Lo mismo para las <strong>chimeneas de gas<\/strong>, muchas de ellas pueden ser de colecci\u00f3n, o poseer tecnolog\u00edas que brinden seguridad en t\u00e9rminos de salidas de gas.<\/p>\n<p>Con estilos cl\u00e1sicos y vanguardistas, es posible encontrar <strong>chimeneas ecol\u00f3gicas<\/strong>, con las que justamente se pretende entregar calor al hogar, sin perjudicar al medio ambiente. Nuestra constante preocupaci\u00f3n por este tipo de chimeneas ecol\u00f3gicas, permite que a su ambiente llegue una grata temperatura con las caracter\u00edsticas pertinentes para hacerlas amigables a la naturaleza. Adem\u00e1s, se encuentran certificadas en Estados Unidos por la Agencia de Protecci\u00f3n del Medio Ambiente (EPA).<\/p>\n<p>Conozca nuestros diversos dise\u00f1os de <strong>chimeneas<\/strong>, compare caracter\u00edsticas y cotice con nosotros.<\/p>\n<p>Por qu\u00e9 preferirnos<\/p>\n<ul class=\"list\">\n<li>Dise\u00f1os de chimeneas a su medida<\/li>\n<li>Instalaciones sofisticadas y con m\u00e1xima seguridad<\/li>\n<li>Productos de vanguardia asociados a m\u00e1xima funcionalidad<\/li>\n<li>Chimeneas ecol\u00f3gicas certificadas a nivel internacional<\/li>\n<li>Garant\u00eda en todos nuestros productos<\/li>\n<\/ul>\n<p>A pesar de lo antiguos que son los sistemas de <strong>calefacci\u00f3n hidr\u00f3nica<\/strong>, siguen siendo una buena opci\u00f3n en materia de proporcionar un c\u00e1lido ambiente, ya que calientan directamente las paredes, el piso, los muebles y a las personas, en lugar de calentar \u00fanicamente el aire. La calefacci\u00f3n hidr\u00f3nica consiste en llevar a trav\u00e9s de conductos, tubos y\/o tambi\u00e9n radiadores de aluminio o hierro fundido el agua caliente, que es inyectada y distribuida por todo el circuito cerrado. Por el simple efecto f\u00edsico de que el agua caliente es m\u00e1s ligera que el agua fr\u00eda, se crea una corriente y presi\u00f3n que hace posible, que el agua caliente irradie calor a trav\u00e9s de los serpentines , tubos, radiadores y empuje el agua fr\u00eda a trav\u00e9s del sistema para iniciar de nuevo el ciclo y recalentar el mismo contenido de agua una y otra vez. Se usan para ello, sistemas de calentadores solares, o <strong>calderas murales<\/strong> a gas o a le\u00f1a u otros combustibles ,entre los m\u00e1s comunes.<\/p>\n<p>El calor radiante, de un <strong>sistema de calefacci\u00f3n hidr\u00f3nica<\/strong> se distribuye uniformemente evitando zonas fr\u00edas o demasiado calientes y molestas corrientes de aire que transporten polvo, \u00e1caros y agentes alerg\u00e9nicos.<\/p>\n<p>Los toalleros son una posibilidad que pueden ser agregadas a estos sistemas de calefacci\u00f3n hidr\u00f3nica por la comodidad y rapidez con la que se pueden secar prendas de vestir y optimizan el espacio del ba\u00f1o con un utensilio que ejerce dos funciones a la vez, seca y calienta el ba\u00f1o. Como una forma de calefacci\u00f3n de gas es conocido este sistema, ya que algunas veces utiliza dicho combustible para realizar su misi\u00f3n. La <strong>calefacci\u00f3n a gas<\/strong> tiene m\u00faltiples ventajas, entre las que se encuentran la limpieza, pues carece de elementos externos que deban ser puestos en los dep\u00f3sitos. La calefacci\u00f3n a gas, permite tener un hogar temperado, con s\u00f3lo conocer las simples funciones del excelente producto para poder manipularla. Conozca nuestra especialidad, la calefacci\u00f3n hidr\u00f3nica, y cotice con nosotros.<\/p>\n<p>Por qu\u00e9 preferirnos:<\/p>\n<ul class=\"list\">\n<li>Dise\u00f1os de calefacci\u00f3n a gas a su medida<\/li>\n<li>Instalaciones de calefacci\u00f3n a gas sofisticadas y con m\u00e1xima seguridad<\/li>\n<li>Productos de vanguardia asociados a m\u00e1xima funcionalidad<\/li>\n<li>Garant\u00eda en todos nuestros productos<\/li>\n<\/ul>\n<p>No m\u00e1s inviernos arropados en su propia casa, opte por estufas a le\u00f1a y conozca la diferencia haciendo frente al invierno. Con estufas a le\u00f1a el fr\u00edo ya no es un impedimento para tener un hogar agradable. La potencia calor\u00edfica de cada una de nuestras estufas a le\u00f1a, permite un ambiente c\u00e1lido y grato, incluso en los d\u00edas m\u00e1s fr\u00edos.<\/p>\n<p>La <strong>venta de estufas a le\u00f1a<\/strong> se ha expandido, por las virtudes t\u00e9cnicas y los innovadores dise\u00f1os que poseemos. Adem\u00e1s, el precio de <strong>estufas a le\u00f1a<\/strong> no es un impedimento para tener una en su hogar. Existen de tantos tama\u00f1os, caracter\u00edsticas y dise\u00f1os distintos, que se puede decir que est\u00e1n hechas a la medida del cliente.<\/p>\n<p>Existen ejemplares de estufas a le\u00f1a que incorporan un sistema de aire secundario que permite un mayor aprovechamiento del calor con una menor utilizaci\u00f3n de le\u00f1a, as\u00ed como un mayor rendimiento y menor emisi\u00f3n de part\u00edculas contaminantes a la atm\u00f3sfera. De esta manera, la venta de estufas a le\u00f1a se hace con mayor frecuencia, implicando clientes m\u00e1s satisfechos con el producto. \u00c9ste se encuentra en todas las formas, colores y con caracter\u00edsticas muy particulares. Lo importante es que el precio de estufas a le\u00f1a, a pesar de todas sus propiedades, contin\u00faa siendo conveniente.<\/p>\n<p>Conozca nuestros m\u00faltiples dise\u00f1os de estufas a le\u00f1a y cotice con nosotros.<\/p>\n<p>Por qu\u00e9 preferirnos:<\/p>\n<ul class=\"list\">\n<li>Estufas a le\u00f1a dise\u00f1adas a su medida<\/li>\n<li>Instalaciones sofisticadas y con m\u00e1xima seguridad<\/li>\n<li>Productos de vanguardia asociados a m\u00e1xima funcionalidad<\/li>\n<li>Garant\u00eda en todos nuestros productos<\/li>\n<\/ul>\n<p>Una innovaci\u00f3n en t\u00e9rminos de <strong>calefacci\u00f3n<\/strong> son las chimeneas insertables, pues ya no s\u00f3lo existe con ellas preocupaci\u00f3n por un c\u00e1lido ambiente, tambi\u00e9n implica sumar un elemento decorativo m\u00e1s a su hogar. El dise\u00f1o de chimeneas insertables es algo que se puede adaptar a cada cliente, puesto que tenemos m\u00faltiples productos disponibles para que se acojan en t\u00e9rminos est\u00e9ticos y funcionales a cada espacio que las requiera.<\/p>\n<p>El precio de chimeneas insertables, contin\u00faa siendo conveniente, a pesar de poseer m\u00faltiples caracter\u00edsticas y tecnolog\u00edas adecuadas a cada necesidad. Las chimeneas insertables son extraordinariamente eficientes gracias a su dise\u00f1o interior, en su mayor\u00eda, construido en hierro fundido.<\/p>\n<p>La venta de chimeneas insertables est\u00e1 asociada a seguridad, muchas de nuestras chimeneas insertables, est\u00e1n equipadas con un termostato de seguridad que pone en funcionamiento el ventilador a partir de los 50\u00ba C, protegiendo el aparato de posibles sobrecalentamientos.<\/p>\n<p>El dise\u00f1o de chimeneas insertables est\u00e1 hecho para que los mecanismos de funcionamiento sean sencillos y precisos, y as\u00ed facilitar su manipulaci\u00f3n. Conozca nuestras decorativas y funcionales chimeneas insertables, y cotice con nosotros.<\/p>\n<p>Por qu\u00e9 preferirnos:<\/p>\n<ul class=\"list\">\n<li>Chimeneas insertables dise\u00f1adas a su medida<\/li>\n<li>Instalaciones sofisticadas y con m\u00e1xima seguridad<\/li>\n<li>Productos de vanguardia asociados a m\u00e1xima funcionalidad<\/li>\n<li>Garant\u00eda en todos nuestros productos<\/li>\n<\/ul>\n","protected":false},"excerpt":{"rendered":"<p>Herg\u00f3m M\u00e9xico R\u00edo P\u00e1nuco 76, Local 1 Col. Cuauht\u00e9moc C.P. 06500 M\u00e9xico, D.F. Tel\u00e9fono: 52 (55) 5533-2437 &#8211; &#8211; Lada sin Costo: 01 800 0625 300 Email.: central@hergom.com.mx En Hergom Mexico nos preocupamos de que sus espacios habitacionales sean ambientes gratos, donde calidez y armon\u00eda se integren a un estilo \u00fanico. Dar calor al hogar [&hellip;]<\/p>\n","protected":false},"author":1,"featured_media":0,"parent":0,"menu_order":0,"comment_status":"closed","ping_status":"closed","template":"","meta":{"_acf_changed":false,"footnotes":""},"class_list":["post-2","page","type-page","status-publish","hentry"],"acf":[],"_links":{"self":[{"href":"https:\/\/hergom.com.mx\/chimeneas-hergom\/wp-json\/wp\/v2\/pages\/2","targetHints":{"allow":["GET"]}}],"collection":[{"href":"https:\/\/hergom.com.mx\/chimeneas-hergom\/wp-json\/wp\/v2\/pages"}],"about":[{"href":"https:\/\/hergom.com.mx\/chimeneas-hergom\/wp-json\/wp\/v2\/types\/page"}],"author":[{"embeddable":true,"href":"https:\/\/hergom.com.mx\/chimeneas-hergom\/wp-json\/wp\/v2\/users\/1"}],"replies":[{"embeddable":true,"href":"https:\/\/hergom.com.mx\/chimeneas-hergom\/wp-json\/wp\/v2\/comments?post=2"}],"version-history":[{"count":20,"href":"https:\/\/hergom.com.mx\/chimeneas-hergom\/wp-json\/wp\/v2\/pages\/2\/revisions"}],"predecessor-version":[{"id":2239,"href":"https:\/\/hergom.com.mx\/chimeneas-hergom\/wp-json\/wp\/v2\/pages\/2\/revisions\/2239"}],"wp:attachment":[{"href":"https:\/\/hergom.com.mx\/chimeneas-hergom\/wp-json\/wp\/v2\/media?parent=2"}],"curies":[{"name":"wp","href":"https:\/\/api.w.org\/{rel}","templated":true}]}}